{"id":41,"date":"2017-01-30T20:28:47","date_gmt":"2017-01-30T20:28:47","guid":{"rendered":"http:\/\/kulturgemeinde-eidengesaess.de\/?page_id=41"},"modified":"2022-11-13T16:52:28","modified_gmt":"2022-11-13T16:52:28","slug":"chronik","status":"publish","type":"page","link":"https:\/\/kulturgemeinde-eidengesaess.de\/?page_id=41","title":{"rendered":"Chronik"},"content":{"rendered":"<h3>R\u00fcckblick auf 155 Jahre Chorgesang in Eidenges\u00e4\u00df<\/h3>\n<p>Vor 140 Jahren, im Jahre 1863 gr\u00fcndeten einige sangesfreudige Einwohner den ersten Gesangverein in Eidenges\u00e4\u00df. Sie gaben dem Verein den Namen \u201cLiederkranz\u201c und das Vereinslokal war die damalige Gastst\u00e4tte Zinkhan, heute Lach, besser bekannt unter dem Namen \u201eTante Sophie\u201c. Die S\u00e4ngerzahl des M\u00e4nnerchores soll etwa 40 S\u00e4nger betragen haben. Fahnenweihe war ein Jahr sp\u00e4ter in 1864. Dirigenten waren die Herren Stock, Lach und Kienzle. Im Jahre 1922 musste der Verein aufgel\u00f6st werden, nachdem er sich von den grossen Verlusten, die der 1. Weltkrieg 1914 \u2013 1918 dem Verein brachte, nicht mehr erholen konnte.<\/p>\n<p>Als 2. Verein wurde im Jahre 1873 die \u201eHarmonie\u201c <img loading=\"lazy\" decoding=\"async\" class=\"alignright wp-image-84 size-full\" src=\"https:\/\/kulturgemeinde-eidengesaess.de\/wp-content\/uploads\/2017\/01\/S\u00e4ngerlust_klein.jpg\" width=\"640\" height=\"465\" srcset=\"https:\/\/kulturgemeinde-eidengesaess.de\/wp-content\/uploads\/2017\/01\/S\u00e4ngerlust_klein.jpg 640w, https:\/\/kulturgemeinde-eidengesaess.de\/wp-content\/uploads\/2017\/01\/S\u00e4ngerlust_klein-300x218.jpg 300w\" sizes=\"auto, (max-width: 640px) 100vw, 640px\" \/>gegr\u00fcndet. Vereinslokal wurde die Gastst\u00e4tte Kildau, sp\u00e4ter Bohlender, der heutige \u201eL\u00f6we\u201c. Fahnenweihe war im Jahre 1877. 1898 wurde 25-j\u00e4hriges Jubil\u00e4um gefeiert. Die S\u00e4ngerzahl betrug vor dem 1. Weltkrieg 35 \u2013 40 S\u00e4nger. Die Vereinst\u00e4tigkeit wurde durch den 1. Weltkrieg unterbrochen. Wiederbeginn 1919 mit 60 S\u00e4ngern. Dirigenten waren: Lehrer H\u00f6lzer, Lehrer Jung, Herr Lach Eidenges\u00e4\u00df, Herr Dressbach Lieblos, Herr Kultau Gro\u00dfenhausen, Herr Merz Lieblos und Herr Lehrer Bethge Eidenges\u00e4\u00df. 1923 kam es zu einem Bruch. Es wurde ein \u201eArbeiter-Gesangverein\u201c gegr\u00fcndet, der sich jedoch ein Jahr sp\u00e4ter wieder der \u201eHarmonie\u201c anschloss. 1928 l\u00f6ste sich die Harmonie auf.<br \/>\nVon Mitgliedern der \u201eHarmonie\u201c wurde am 25.6.1927 ein S\u00e4ngerquartett ins Leben gerufen. 1928 schloss sich dem S\u00e4ngerquartett ein gemischter Chor an. Als Dirigent dieser beiden Sangesgruppen wurde Herr Wilhelm Schleuning aus Eidenges\u00e4\u00df berufen. Ein 1930 auf der Grummetwiese abgehaltenes S\u00e4ngerfest wurde, bedingt durch Inflation und grosse Arbeitslosigkeit, leider kein grosser Erfolg. Im November 1932 gesellte sich dann noch ein Frauenchor dazu. Im Jahre 1933 war die Mitgliederzahl f\u00fcr den M\u00e4nnerchor 29, Gemischter Chor 50 und Frauenchor 21. Im Jahre 1933 l\u00f6ste sich der Verein auf. Die Mitglieder schlossen sich dem Turnverein an. Die Vorsitzenden waren August Riess und Ferdinand Bohlender. Vereinslokal war Jean Bohlender der heutige \u201eL\u00f6we\u201c.<\/p>\n<p>Im Jahre 1895 wurde als weiterer Verein der M\u00e4nnerchor \u201eS\u00e4ngerlust\u201c von den Sangesfreunden Heinrich Wiederspahn, Georg Gl\u00f6ckner, Heinrich Seyler und Jean Bohlender gegr\u00fcndet. Vereinslokal wurde die Gastst\u00e4tte \u201eAdler\u201c, Inhaber Adam Sch\u00e4fer, sp\u00e4ter Klippel und die heute zum evangelischen Gemeindezentrum umgebaute \u201eWeisse Taube\u201c. Es fanden sich ca. 35 aktive S\u00e4nger, die im Jahre 1902 schon ein S\u00e4ngerfest feierten.<\/p>\n<p><img loading=\"lazy\" decoding=\"async\" class=\"alignleft wp-image-85 size-full\" src=\"https:\/\/kulturgemeinde-eidengesaess.de\/wp-content\/uploads\/2017\/01\/Chor_1_klein02.jpg\" width=\"600\" height=\"390\" srcset=\"https:\/\/kulturgemeinde-eidengesaess.de\/wp-content\/uploads\/2017\/01\/Chor_1_klein02.jpg 600w, https:\/\/kulturgemeinde-eidengesaess.de\/wp-content\/uploads\/2017\/01\/Chor_1_klein02-300x195.jpg 300w\" sizes=\"auto, (max-width: 600px) 100vw, 600px\" \/>Dirigenten dieses Vereines waren von 1895 \u2013 1933 die Herren Johannes Kienzle, Heinrich Kienzle, Michael Senzel, Lehrer Orth, Herr Knopp, Herr Dambruch und Herr Boos. Die S\u00e4ngert\u00e4tigkeit von 1933 \u2013 1939 ging immer mehr zur\u00fcck und kam 1939, zu Beginn des zweiten Weltkrieges, ganz zum Erliegen. So blieb es bis Ende des Krieges 1945.<\/p>\n<p>Der Krieg von 1939 \u2013 1945 hinterlie\u00df auch in Eidenges\u00e4\u00df, wie in allen anderen Orten und St\u00e4dten seine Spuren. Viele der zur Wehrmacht eingezogenen M\u00e4nner verloren in den schrecklichen Kriegsjahren ihr Leben und kehrten nicht mehr zur\u00fcck. Das machte sich nach Ende des Krieges auch ganz besonders in den Vereinen bemerkbar.<\/p>\n<p>So wurde im November 1945 die Kulturgemeinde ins Leben gerufen. Unter anderem gab es auch wieder eine Abteilung Gesang, in der sich ehemalige S\u00e4nger und S\u00e4ngerinnen, neben Heimatvertriebenen und Evakuierten zusammenfanden, um sich dem Gesang zu widmen und das kulturelle Leben zu pflegen. Als Besonderheit ist zu erw\u00e4hnen, dass alle 4 Wochen die Lokale zum \u201eL\u00f6wen\u201c und zum \u201eAdler\u201c f\u00fcr die Gesangstunden gewechselt wurden, da jedes Probelokal seinen eigenen Notenschrank hatte und im Chor der Kulturgemeinde S\u00e4nger und S\u00e4ngerinnen aus Ch\u00f6ren der verschiedenen fr\u00fcheren Vereinen sangen. F\u00fcr den damaligen Notenwart keine leichte Aufgabe. Da Herr Schleuning noch nicht zur Verf\u00fcgung stand, entschied man sich f\u00fcr Herrn Heinrich Wagner aus Roth, der als erster Chorleiter nach dem Krieg gute Arbeit leistete bis Herr Schleuning ab 1950 den Chor wieder \u00fcbernahm.<\/p>\n<p>Unter der musikalischen Leitung von Herrn Schleuning ging es mit ca. 60 aktiven S\u00e4ngerinnen und S\u00e4nger stetig aufw\u00e4rts und es wurden beachtliche Erfolge bei Wertungssingen errungen. Auch bei Konzerten und Liederabenden von befreundeten Vereinen waren der M\u00e4nner- und Gemischte Chor gern gesehene und geh\u00f6rte G\u00e4ste. Ein besonderer H\u00f6hepunkt war dann das Fest anl\u00e4sslich 100 Jahre Chorgesang in 1963, verbunden mit der Verleihung der Zelterplakette durch den Hessischen Kultusminister und ein Wertungssingen mit 12 Gastvereinen.<\/p>\n<p><img loading=\"lazy\" decoding=\"async\" class=\"alignright wp-image-86 size-full\" src=\"https:\/\/kulturgemeinde-eidengesaess.de\/wp-content\/uploads\/2017\/01\/Chor4_klein02.jpg\" width=\"600\" height=\"388\" srcset=\"https:\/\/kulturgemeinde-eidengesaess.de\/wp-content\/uploads\/2017\/01\/Chor4_klein02.jpg 600w, https:\/\/kulturgemeinde-eidengesaess.de\/wp-content\/uploads\/2017\/01\/Chor4_klein02-300x194.jpg 300w\" sizes=\"auto, (max-width: 600px) 100vw, 600px\" \/><\/p>\n<p>Auch im Jahre 1970 wurde im Rahmen des 25-j\u00e4hrigen Jubil\u00e4ums der Kulturgemeinde ein hervorragend besetztes Wertungssingen veranstaltet und 1983 fand wieder ein Fest zum Jubil\u00e4um 120 Jahre Chorgesang mit Freundschafts- und Wertungssingen statt.<\/p>\n<p>Nachdem Wilhelm Schleuning im Jahre 1972 nach 45-j\u00e4hriger Dirigentent\u00e4tigkeit aus Altersgr\u00fcnden abtrat, hatte er f\u00fcr seine langj\u00e4hrigen Verdienste um den Chorgesang viele Ehrungen erfahren, bis hin zum Bundesdesverdienstkreuz der Bundesrepublik Deutschland und die Ernennung zum Ehrenchormeister.<\/p>\n<p>Als n\u00e4chsten Dirigenten konnten wir Herrn G\u00fcnther Huth aus Geiselbach verpflichten, der den Chor von 1972 \u2013 1977 leitete.<br \/>\nEs kam erstmals 1973 ein Jugendchor dazu, der sich nach einigen erfolgreichen Auftritten jedoch 1976 wieder aufl\u00f6ste.<\/p>\n<p>Es folgt eine Aufz\u00e4hlung der Chorleiter bzw. Chorleiterinnen nach Herrn Huth bis heute:<\/p>\n<p><img loading=\"lazy\" decoding=\"async\" class=\"alignleft wp-image-87 size-full\" src=\"https:\/\/kulturgemeinde-eidengesaess.de\/wp-content\/uploads\/2017\/01\/Chor3_klein02.jpg\" width=\"600\" height=\"393\" srcset=\"https:\/\/kulturgemeinde-eidengesaess.de\/wp-content\/uploads\/2017\/01\/Chor3_klein02.jpg 600w, https:\/\/kulturgemeinde-eidengesaess.de\/wp-content\/uploads\/2017\/01\/Chor3_klein02-300x197.jpg 300w\" sizes=\"auto, (max-width: 600px) 100vw, 600px\" \/>von 1977 &#8211; 1980\u00a0\u00a0\u00a0\u00a0 Herr Dagobert Schaaf, Heingr\u00fcndau<br \/>\nvon 1980 &#8211; 1983\u00a0\u00a0\u00a0\u00a0 Herr Gerd Zellmann, Altenha\u00dflau<br \/>\nvon 1983 &#8211; 1985\u00a0\u00a0\u00a0\u00a0 Frau Irmgard Hanselmann, Eidenges\u00e4\u00df<br \/>\nvon 1985 &#8211; 1991\u00a0\u00a0\u00a0\u00a0\u00a0 Herr Veit Oehler, Hasselroth<br \/>\nvon 1991 &#8211; 1998\u00a0\u00a0\u00a0\u00a0\u00a0 Frau Renate Wagenh\u00e4user, Hailer<br \/>\nvon 1999 &#8211; 2001\u00a0\u00a0\u00a0\u00a0 Herr Martin Winter, Ransbach<br \/>\nvon 2002 &#8211; 2007\u00a0\u00a0\u00a0 Herr Michael Habermann, Gr\u00fcndau<br \/>\nvon 2007 &#8211; 2010\u00a0\u00a0\u00a0\u00a0 Frau Renate Iffland, Niedermittlau<br \/>\nvon 2010- 2015\u00a0\u00a0\u00a0\u00a0\u00a0\u00a0 Frau Britta Wagenh\u00e4user, Hailer<br \/>\nseit 2015\u00a0\u00a0\u00a0\u00a0\u00a0\u00a0\u00a0\u00a0\u00a0\u00a0\u00a0\u00a0\u00a0\u00a0\u00a0\u00a0\u00a0\u00a0 Herr J\u00f6rg Schmalfu\u00df<\/p>\n<p>Diese Chronik w\u00e4re unvollst\u00e4ndig, wenn nicht die Namen genannt w\u00fcrden von 2 Mitbegr\u00fcndern der Kulturgemeinde und S\u00e4nger der Abteilung Gesang. Dies waren Ludwig Lach der von 1945 \u2013 1950 als 1. Vorsitzender die Geschicke unseres Vereins lenkte und sein Nachfolger Ferdinand Bohlender, Altb\u00fcrgermeister, der von 1950 bis zu seinem Tod 1968 den Verein f\u00fchrte.<\/p>\n<p><img loading=\"lazy\" decoding=\"async\" class=\"alignright wp-image-88 size-full\" src=\"https:\/\/kulturgemeinde-eidengesaess.de\/wp-content\/uploads\/2017\/01\/Chor2a_klein.jpg\" width=\"600\" height=\"331\" srcset=\"https:\/\/kulturgemeinde-eidengesaess.de\/wp-content\/uploads\/2017\/01\/Chor2a_klein.jpg 600w, https:\/\/kulturgemeinde-eidengesaess.de\/wp-content\/uploads\/2017\/01\/Chor2a_klein-300x166.jpg 300w\" sizes=\"auto, (max-width: 600px) 100vw, 600px\" \/><\/p>\n<p>Die Abteilungsleiter Abteilung Gesang waren:<\/p>\n<p>von 1945 &#8211; 1949\u00a0\u00a0\u00a0\u00a0 Jean Bohlender und Karl Lach<br \/>\nvon 1949 &#8211; 1950\u00a0\u00a0\u00a0\u00a0 Franz Matthies und Jean Bohlender<br \/>\nvon 1950 &#8211; 1960\u00a0\u00a0\u00a0\u00a0 August Weiss und Wilhelm Riess<br \/>\nvon 1960 &#8211; 1968\u00a0\u00a0\u00a0\u00a0 Heinz Brandenstein und Jakob Laubhan<br \/>\nvon 1968 &#8211; 1979\u00a0\u00a0\u00a0\u00a0 Heinz Brandenstein und Wilhelm Seyler<br \/>\nvon 1979 &#8211; 1989\u00a0\u00a0\u00a0 Heinz Brandenstein und K\u00e4the Lach<br \/>\nvon 1989 &#8211; 1994\u00a0\u00a0\u00a0 G\u00fcnter Raderkopp und Elisabeth Heidenreich<br \/>\nvon 1994 &#8211; 2005\u00a0\u00a0\u00a0 Ulrich Lochmann und G\u00fcnter Raderkopp<br \/>\nvon 2005 &#8211; 2008\u00a0\u00a0\u00a0 Ulrich Lochmann und Reinhold Seyler<br \/>\nvon 2008 &#8211; 2009\u00a0\u00a0\u00a0 Ulrich Lochmann und Werner Weitershagen<br \/>\nvon 2009 &#8211; 2011\u00a0\u00a0\u00a0 Werner Weitershagen und Reinhold Seyler<br \/>\nvon 2011 &#8211; 2015\u00a0\u00a0\u00a0 Ulrich Lochmann und Reinhold Seyler<br \/>\nvon 2015 &#8211; 2019\u00a0\u00a0\u00a0 Ralf Holzschuh und Rosi Farr<br \/>\nseit 2019\u00a0\u00a0\u00a0\u00a0\u00a0\u00a0\u00a0\u00a0\u00a0\u00a0\u00a0\u00a0\u00a0\u00a0\u00a0 Claudia Klinsmann-Ungermann und Ralf Holzschuh<\/p>\n<p>Bei dieser Aufz\u00e4hlung darf der Name von Jakob Laubhan nicht fehlen, der die Kulturgemeinde 25 Jahre als 1. Vorsitzender zusammenhielt bis zum Jahre 1994. Dann gab es einen Generationswechsel, bei dem sich die Theatergruppe und die Musikabteilung selbst\u00e4ndig machten, so dass unter dem Dach der Kulturgemeinde nur noch der Gemischte Chor verblieben ist.<\/p>\n","protected":false},"excerpt":{"rendered":"<p>R\u00fcckblick auf 155 Jahre Chorgesang in Eidenges\u00e4\u00df Vor 140 Jahren, im Jahre 1863 gr\u00fcndeten einige sangesfreudige Einwohner den ersten Gesangverein in Eidenges\u00e4\u00df. Sie gaben dem Verein den Namen \u201cLiederkranz\u201c und das Vereinslokal war die damalige Gastst\u00e4tte Zinkhan, heute Lach, besser bekannt unter dem Namen \u201eTante Sophie\u201c. Die S\u00e4ngerzahl des M\u00e4nnerchores soll etwa 40 S\u00e4nger betragen &#8230; <span class=\"more\"><a class=\"more-link\" href=\"https:\/\/kulturgemeinde-eidengesaess.de\/?page_id=41\">[Read more&#8230;]<\/a><\/span><\/p>\n","protected":false},"author":1,"featured_media":0,"parent":0,"menu_order":4,"comment_status":"closed","ping_status":"closed","template":"","meta":{"footnotes":""},"class_list":["entry","page","publish","author-61354978","post-41"],"_links":{"self":[{"href":"https:\/\/kulturgemeinde-eidengesaess.de\/index.php?rest_route=\/wp\/v2\/pages\/41","targetHints":{"allow":["GET"]}}],"collection":[{"href":"https:\/\/kulturgemeinde-eidengesaess.de\/index.php?rest_route=\/wp\/v2\/pages"}],"about":[{"href":"https:\/\/kulturgemeinde-eidengesaess.de\/index.php?rest_route=\/wp\/v2\/types\/page"}],"author":[{"embeddable":true,"href":"https:\/\/kulturgemeinde-eidengesaess.de\/index.php?rest_route=\/wp\/v2\/users\/1"}],"replies":[{"embeddable":true,"href":"https:\/\/kulturgemeinde-eidengesaess.de\/index.php?rest_route=%2Fwp%2Fv2%2Fcomments&post=41"}],"version-history":[{"count":5,"href":"https:\/\/kulturgemeinde-eidengesaess.de\/index.php?rest_route=\/wp\/v2\/pages\/41\/revisions"}],"predecessor-version":[{"id":278,"href":"https:\/\/kulturgemeinde-eidengesaess.de\/index.php?rest_route=\/wp\/v2\/pages\/41\/revisions\/278"}],"wp:attachment":[{"href":"https:\/\/kulturgemeinde-eidengesaess.de\/index.php?rest_route=%2Fwp%2Fv2%2Fmedia&parent=41"}],"curies":[{"name":"wp","href":"https:\/\/api.w.org\/{rel}","templated":true}]}}